{"id":1107,"date":"2026-04-10T12:55:04","date_gmt":"2026-04-10T10:55:04","guid":{"rendered":"https:\/\/www.gbc-energiesysteme.de\/?page_id=1107"},"modified":"2026-04-13T11:47:48","modified_gmt":"2026-04-13T09:47:48","slug":"cookie-richtlinie","status":"publish","type":"page","link":"https:\/\/www.gbc-energiesysteme.de\/?page_id=1107","title":{"rendered":"Cookie-Richtlinie"},"content":{"rendered":"\t\t<div data-elementor-type=\"wp-page\" data-elementor-id=\"1107\" class=\"elementor elementor-1107\" data-elementor-post-type=\"page\">\n\t\t\t\t<div class=\"elementor-element elementor-element-7f78ad2e e-flex e-con-boxed e-con e-parent\" data-id=\"7f78ad2e\" data-element_type=\"container\" data-e-type=\"container\">\n\t\t\t\t\t<div class=\"e-con-inner\">\n\t\t\t\t<div class=\"elementor-element elementor-element-7e9747e9 elementor-widget elementor-widget-shortcode\" data-id=\"7e9747e9\" data-element_type=\"widget\" data-e-type=\"widget\" data-widget_type=\"shortcode.default\">\n\t\t\t\t\t\t\t<div class=\"elementor-shortcode\"><p>In dieser Cookie-Richtlinie m\u00f6chten wir erl\u00e4utern, was Cookies und cookie\u00e4hnliche Technologien sind, wie wir und andere Dienstanbieter sie auf dieser Website verwenden, welche Informationen sie sammeln, wie lange wir sie verwenden und zu welchen Zwecken.<\/p><h2>Obsah<\/h2><ul><li><a href=\"#controller-of-the-website\">Website-Administrator<\/a><\/li><li><a href=\"#diff-to-privacy-policy\">Erg\u00e4nzung zur Datenschutzrichtlinie<\/a><\/li><li><a href=\"#cookie-technology\">Was sind Cookies und \u00e4hnliche Technologien?<\/a><\/li><li><a href=\"#legal-basis\">Was ist die rechtliche Grundlage f\u00fcr das Setzen\/Lesen von Cookies?<\/a><\/li><li><a href=\"#rights-of-visitor\">Welche Rechte hat ein Website-Besucher?<\/a><\/li><li><a href=\"#manage-cookies\">Wie verwalte ich Cookies in meinem Browser?<\/a><\/li><li><a href=\"#types-of-cookies\">Welche Arten von Keksen gibt es?<\/a><\/li><li><a href=\"#cookies-origin\">Wer kann auf dieser Website Cookies setzen?<\/a><\/li><li><a href=\"#list-of-services\">Welche Cookies werden auf dieser Website verwendet?<\/a><\/li><\/ul><h2 id=\"controller-of-the-website\">Website-Administrator<\/h2><ul><li><strong>Poskytovatel: <\/strong>GBC Energiesysteme GmbH, N\u011bmecko<\/li><li><strong>E-mail: <\/strong><a target=\"_blank\" href=\"mailto:marketing@gbc-solino.cz\">marketing@gbc-solino.cz<\/a><\/li><\/ul><h2 id=\"diff-to-privacy-policy\">Erg\u00e4nzung zur Datenschutzrichtlinie<\/h2><p>Diese Cookie-Richtlinie erg\u00e4nzt die Datenschutzerkl\u00e4rung {{privacyPolicy}} dieser Website. Die Cookie-Richtlinie beschreibt detailliert, wie die Website Cookies verwendet und welche Daten dadurch erfasst werden, w\u00e4hrend die Datenschutzerkl\u00e4rung einen umfassenderen \u00dcberblick \u00fcber alle Datenverarbeitungsaktivit\u00e4ten auf und au\u00dferhalb der Website bietet.<\/p><h2 id=\"cookie-technology\">Was sind Cookies und \u00e4hnliche Technologien?<\/h2><p>Cookies sind kleine Informationseinheiten, \u00e4hnlich Textdateien, die auf Ihrem Endger\u00e4t gespeichert und gelesen werden k\u00f6nnen. Sie dienen verschiedenen Zwecken, darunter der Aufrechterhaltung grundlegender Website-Funktionen, der Sicherheit und des Datenschutzes, der Bereitstellung optionaler Website-Funktionen, der Erfassung von Besucherstatistiken und der Unterst\u00fctzung von Marketingsystemen. Beispiele f\u00fcr in Cookies gespeicherte Daten sind der Anmeldestatus in Benutzerkonten, der Inhalt von Warenk\u00f6rben auf E-Commerce-Plattformen oder Benutzer-IDs zur Verhaltensanalyse auf Websites.<br \/><br \/>Informationen k\u00f6nnen auf verschiedene technische Weise gespeichert werden. Die bekanntesten Beispiele sind HTTP-Cookies und \u00e4hnliche Technologien wie Local Storage, Session Storage oder IndexedDB. Jede Speicherart hat unterschiedliche Eigenschaften, die die technische Verarbeitung, die Zug\u00e4nglichkeit und die Zugriffsberechtigung der Administratoren bestimmen. Alle diese Speicherarten werden \u00fcblicherweise unter dem Begriff \u201eCookies\u201c zusammengefasst und daher in dieser Cookie-Richtlinie auch so bezeichnet.<\/p><h2 id=\"legal-basis\">Was ist die rechtliche Grundlage f\u00fcr das Setzen\/Lesen von Cookies?<\/h2><p>Das Setzen und Auslesen von Cookies in der Europ\u00e4ischen Union (EU) und im Europ\u00e4ischen Wirtschaftsraum (EWR) ist gem\u00e4\u00df \u00a7 89 odst. 3 z\u00e1kona o elektronick\u00fdch komunikac\u00edch nur zul\u00e4ssig, wenn der Nutzer nach umfassender Information \u00fcber den Zweck der Verarbeitung seine Einwilligung erteilt hat. Der Websitebetreiber darf au\u00dferdem Cookies setzen, wenn diese unbedingt erforderlich sind, um Ihnen als Nutzer einen von Ihnen ausdr\u00fccklich angeforderten Dienst bereitzustellen, z. B. grundlegende Inhalte dieser Website oder andere unbedingt notwendige Cookies f\u00fcr grundlegende Website-Funktionen, die Ihnen ohne Ihre Einwilligung angezeigt werden.<\/p><h2 id=\"rights-of-visitor\">Welche Rechte hat ein Website-Besucher?<\/h2><p>Die Dienste und ihre Cookies k\u00f6nnen auf Grundlage Ihrer Einwilligung oder berechtigter Interessen gesetzt und gelesen werden. Bei Ihrem ersten Besuch dieser Website wurden Sie um Ihre Einwilligung gebeten und hatten die M\u00f6glichkeit, der Nutzung einiger Dienste zu widersprechen. Die jeweilige Rechtsgrundlage f\u00fcr die einzelnen Dienste wurde im Einwilligungsdialog erl\u00e4utert.<br \/><br \/>Sie haben jederzeit das Recht, Ihre bisherigen Einstellungen einzusehen, Ihre Datenschutzeinstellungen zu \u00e4ndern, der Nutzung der Dienste zu widersprechen und Ihre Einwilligung zu widerrufen. Nachfolgend finden Sie die Optionen zur Aus\u00fcbung Ihrer Rechte:<br \/><br \/><a  href=\"#consent-change\" role=\"button\" id=\"rcb-sc-link-change\" data-success-message=\"\" class=\"rcb-sc-link rcb-sc-link-change \">Datenschutzeinstellungen \u00e4ndern<\/a><br \/><a  href=\"#consent-history\" role=\"button\" id=\"rcb-sc-link-history\" data-success-message=\"\" class=\"rcb-sc-link rcb-sc-link-history \">Verlauf der Datenschutzeinstellungen<\/a><br \/><a  href=\"#consent-revoke\" role=\"button\" id=\"rcb-sc-link-revoke\" data-success-message=\"Sie haben Ihre Einwilligung zu den Diensten, ihren Cookies und der Verarbeitung personenbezogener Daten erfolgreich widerrufen. Die Seite wird nun neu geladen!\" class=\"rcb-sc-link rcb-sc-link-revoke \">Einwilligungen widerrufen<\/a><\/p><h2 id=\"manage-cookies\">Wie verwalte ich Cookies in meinem Browser?<\/h2><p><ul>\n<li>So l\u00f6schen Sie Cookies in Ihrem Browser: Um Cookies von Ihrem Ger\u00e4t zu l\u00f6schen, k\u00f6nnen Sie Ihre Browserdaten in den Browsereinstellungen l\u00f6schen. Dadurch werden alle Cookies aller besuchten Websites gel\u00f6scht, einschlie\u00dflich gespeicherter Anmeldedaten und Einstellungen. Bei manchen Browsern k\u00f6nnen Sie Cookies und \u00e4hnliche Daten nur l\u00f6schen, ohne Ihren gesamten Browserverlauf zu l\u00f6schen.<br \/><br \/>So steuern Sie Cookies in Ihrem Browser: F\u00fcr eine detailliertere Kontrolle \u00fcber Cookies bestimmter Websites rufen Sie die Datenschutz- und Cookie-Einstellungen Ihres Browsers auf. Hier k\u00f6nnen Sie Ihre Cookie-Einstellungen f\u00fcr jede Website einzeln anpassen.<br \/><br \/>So blockieren Sie Cookies in Ihrem Browser: In den Einstellungen der meisten modernen Browser k\u00f6nnen Sie alle Cookies auf Ihrem Ger\u00e4t blockieren. Das Blockieren von Cookies kann jedoch die ordnungsgem\u00e4\u00dfe Funktion einiger Dienste und Funktionen beeintr\u00e4chtigen, z. B. die Anmeldung. F\u00fcr viele Browser k\u00f6nnen Sie auch Erweiterungen verwenden, die das Setzen von Cookies durch Websites verhindern.<br \/><br \/>So verwalten Sie Cookies auf dieser Website: Wenn Sie Ihre Cookie-Einstellungen auf dieser Website anpassen m\u00f6chten, k\u00f6nnen Sie dies jederzeit \u00fcber den Link im Abschnitt \u201eBesucherrechte\u201c tun.<br \/><br \/><br \/>Weitere Informationen zum Umgang mit Cookies finden Sie unter devowl.io\/rcb\/cookie-handling\/.<\/li>\n<\/ul><\/p><h2 id=\"types-of-cookies\">Welche Arten von Keksen gibt es?<\/h2><p>Essenzielle Cookies sind f\u00fcr die grundlegende Funktionalit\u00e4t der Website erforderlich und erm\u00f6glichen Funktionen wie das Speichern von Anmeldedaten oder den Zugriff auf gesch\u00fctzte Bereiche. Dazu geh\u00f6ren beispielsweise Sicherheits-Cookies, die unerw\u00fcnschte Bots durch Speichern eines Authentifizierungsschl\u00fcssels identifizieren k\u00f6nnen. Funktionale Cookies verbessern die Benutzerfreundlichkeit, indem sie Informationen und Pr\u00e4ferenzen wie Spracheinstellungen oder das Erscheinungsbild der Website speichern und so personalisierte Dienste bereitstellen. Dazu geh\u00f6ren beispielsweise Pr\u00e4ferenz-Cookies, die die bevorzugte Videoqualit\u00e4t speichern. Statistik-Cookies erfassen Daten zur Website-Nutzung, um Einblicke in das Nutzerverhalten zu gewinnen und die Website-Performance zu optimieren. Dazu geh\u00f6rt beispielsweise eine zuf\u00e4llig zugewiesene Benutzer-ID, die es uns erm\u00f6glicht, festzustellen, ob Sie eine Unterseite der Website besucht haben. Marketing-Cookies werden verwendet, um das Nutzerverhalten auf verschiedenen Websites zu verfolgen und personalisierte Werbung basierend auf den Interessen und dem Surfverhalten der Nutzer anzuzeigen. Dazu geh\u00f6ren beispielsweise Werbe-Cookies, die die Interaktion mit Werbung auf Websites speichern und an Werbetreibende weiterleiten, oder ein Chat-System f\u00fcr Anfragen vor dem Kauf und den Kundensupport.<\/p><h2 id=\"cookies-origin\">Wer kann auf dieser Website Cookies setzen?<\/h2><p>Auf dieser Website k\u00f6nnen der Websitebetreiber und die hier verwendeten Drittanbieterdienste Cookies setzen und auf deren Inhalte zugreifen. Wer Zugriff auf bestimmte Cookies und deren Inhalte hat, h\u00e4ngt davon ab, ob es sich um Erstanbieter- oder Drittanbieter-Cookies handelt. Erstanbieter-Cookies werden von der Website, die Sie besuchen, erstellt und k\u00f6nnen nur vom Websitebetreiber und den auf dieser Website eingebundenen Drittanbieterdiensten gelesen werden. Drittanbieter-Cookies werden in der Regel von Drittanbietern auf anderen Domains erstellt, k\u00f6nnen auf allen Websites gelesen werden, auf denen der Dienst, der die Domain kontrolliert, eingebunden ist, und werden beispielsweise von Werbenetzwerken verwendet, um das Nutzerverhalten auf verschiedenen Websites zu verfolgen und personalisierte Werbung anzubieten.<\/p><h2 id=\"list-of-services\">Welche Cookies werden auf dieser Website verwendet?<\/h2><script type=\"application\/json\">{\"search\":{\"placeholder\":\"Vyhled\\u00e1v\\u00e1n\\u00ed...\"},\"sort\":{\"sortAsc\":\"Se\\u0159adit sloupec vzestupn\\u011b\",\"sortDesc\":\"Se\\u0159adit sloupec sestupn\\u011b\"},\"pagination\":{\"previous\":\"P\\u0159edchoz\\u00ed\",\"next\":\"Dal\\u0161\\u00ed\",\"navigate\":\"Strana %1$d z %2$d\",\"page\":\"Str\\u00e1nka %d\",\"showing\":\"Zobrazen\\u00ed\",\"of\":\"z\",\"to\":\"na\",\"results\":\"v\\u00fdsledky\"},\"noRecordsFound\":\"Nebyly nalezeny \\u017e\\u00e1dn\\u00e9 odpov\\u00eddaj\\u00edc\\u00ed z\\u00e1znamy\"}<\/script><table  class=\"devowl-wp-react-cookie-banner-cookie-policy\"><thead><tr><th width=\"200px\" scope=\"col\">Kategorie<\/th><th width=\"400px\" scope=\"col\">N\u00e1zev technick\u00fdch soubor\u016f cookie<\/th><th width=\"400px\" scope=\"col\">Hostitel technick\u00fdch soubor\u016f cookie<\/th><th width=\"400px\" scope=\"col\">Slu\u017eba<\/th><th width=\"250px\" scope=\"col\">Doba trv\u00e1n\u00ed<\/th><th width=\"200px\" scope=\"col\">Typ<\/th><th width=\"550px\" scope=\"col\">\u00da\u010del<\/th><\/tr><\/thead><tbody><tr><td>Essenziell<\/td><td>real_cookie_banner*<\/td><td>.gbc-energiesysteme.de<\/td><td>Real Cookie Banner<\/td><td>365 dny<\/td><td>HTTP Cookie<\/td><td>Eindeutiger Identifikator f\u00fcr die Einwilligung, aber nicht f\u00fcr den Website-Besucher. Revisionshash f\u00fcr die Einstellungen des Cookie-Banners (Texte, Farben, Funktionen, Servicegruppen, Dienste, Content Blocker usw.). IDs f\u00fcr eingewilligte Services und Service-Gruppen.<\/td><\/tr><tr><td>Essenziell<\/td><td>real_cookie_banner*-tcf<\/td><td>.gbc-energiesysteme.de<\/td><td>Real Cookie Banner<\/td><td>365 dny<\/td><td>HTTP Cookie<\/td><td>Im Rahmen von TCF gesammelte Einwilligungen, die im TC-String-Format gespeichert werden, einschlie\u00dflich TCF-Vendoren, -Zwecke, -Sonderzwecke, -Funktionen und -Sonderfunktionen.<\/td><\/tr><tr><td>Essenziell<\/td><td>real_cookie_banner*-gcm<\/td><td>.gbc-energiesysteme.de<\/td><td>Real Cookie Banner<\/td><td>365 dny<\/td><td>HTTP Cookie<\/td><td>Die im Google Consent Mode gesammelten Einwilligungen in die verschiedenen Einwilligungstypen (Zwecke) werden f\u00fcr alle mit dem Google Consent Mode kompatiblen Services gespeichert.<\/td><\/tr><tr><td>Essenziell<\/td><td>real_cookie_banner-test<\/td><td>.gbc-energiesysteme.de<\/td><td>Real Cookie Banner<\/td><td>365 dny<\/td><td>HTTP Cookie<\/td><td>Cookie, der gesetzt wurde, um die Funktionalit\u00e4t von HTTP-Cookies zu testen. Wird sofort nach dem Test gel\u00f6scht.<\/td><\/tr><tr><td>Essenziell<\/td><td>real_cookie_banner*<\/td><td>https:\/\/www.gbc-energiesysteme.de<\/td><td>Real Cookie Banner<\/td><td>-<\/td><td>Local Storage<\/td><td>Eindeutiger Identifikator f\u00fcr die Einwilligung, aber nicht f\u00fcr den Website-Besucher. Revisionshash f\u00fcr die Einstellungen des Cookie-Banners (Texte, Farben, Funktionen, Service-Gruppen, Services, Content Blocker usw.). IDs f\u00fcr eingewilligte Services und Service-Gruppen. Wird nur solange gespeichert, bis die Einwilligung auf dem Website-Server dokumentiert ist.<\/td><\/tr><tr><td>Essenziell<\/td><td>real_cookie_banner*-tcf<\/td><td>https:\/\/www.gbc-energiesysteme.de<\/td><td>Real Cookie Banner<\/td><td>-<\/td><td>Local Storage<\/td><td>Im Rahmen von TCF gesammelte Einwilligungen werden im TC-String-Format gespeichert, einschlie\u00dflich TCF Vendoren, Zwecke, besondere Zwecke, Funktionen und besondere Funktionen. Wird nur solange gespeichert, bis die Einwilligung auf dem Website-Server dokumentiert ist.<\/td><\/tr><tr><td>Essenziell<\/td><td>real_cookie_banner*-gcm<\/td><td>https:\/\/www.gbc-energiesysteme.de<\/td><td>Real Cookie Banner<\/td><td>-<\/td><td>Local Storage<\/td><td>Im Rahmen des Google Consent Mode erfasste Einwilligungen werden f\u00fcr alle mit dem Google Consent Mode kompatiblen Services in Einwilligungstypen (Zwecke) gespeichert. Wird nur solange gespeichert, bis die Einwilligung auf dem Website-Server dokumentiert ist.<\/td><\/tr><tr><td>Essenziell<\/td><td>real_cookie_banner-consent-queue*<\/td><td>https:\/\/www.gbc-energiesysteme.de<\/td><td>Real Cookie Banner<\/td><td>-<\/td><td>Local Storage<\/td><td>Lokale Zwischenspeicherung (Caching) der Auswahl im Cookie-Banner, bis der Server die Einwilligung dokumentiert; Dokumentation periodisch oder bei Seitenwechseln versucht, wenn der Server nicht verf\u00fcgbar oder \u00fcberlastet ist.<\/td><\/tr><tr><td>Funktional<\/td><td>comment_author_*<\/td><td>gbc-energiesysteme.de<\/td><td>WordPress Kommentare<\/td><td>1 rok<\/td><td>HTTP Cookie<\/td><td>Name des Kommentar-Verfassers<\/td><\/tr><tr><td>Funktional<\/td><td>comment_author_email_*<\/td><td>gbc-energiesysteme.de<\/td><td>WordPress Kommentare<\/td><td>1 rok<\/td><td>HTTP Cookie<\/td><td>E-Mail-Adresse des Kommentar-Verfassers<\/td><\/tr><tr><td>Funktional<\/td><td>comment_author_url_*<\/td><td>gbc-energiesysteme.de<\/td><td>WordPress Kommentare<\/td><td>1 rok<\/td><td>HTTP Cookie<\/td><td>Website des Kommentar-Verfassers<\/td><\/tr><tr><td>Funktional<\/td><td>wpEmojiSettingsSupports<\/td><td>https:\/\/www.gbc-energiesysteme.de<\/td><td>WordPress Emojis<\/td><td>SESSION<\/td><td>Session Storage<\/td><td>Zeitstempel und ob die M\u00f6glichkeit besteht, Emojis zu setzen<\/td><\/tr><\/tbody><\/table><p>Diese Cookie-Richtlinie wurde zuletzt am {{date Of Update}} aktualisiert.<\/p>\n<\/div>\n\t\t\t\t\t\t<\/div>\n\t\t\t\t\t<\/div>\n\t\t\t\t<\/div>\n\t\t\t\t<\/div>\n\t\t","protected":false},"excerpt":{"rendered":"","protected":false},"author":5,"featured_media":0,"parent":0,"menu_order":0,"comment_status":"closed","ping_status":"closed","template":"","meta":{"_acf_changed":false,"footnotes":""},"class_list":["post-1107","page","type-page","status-publish","hentry"],"acf":[],"_links":{"self":[{"href":"https:\/\/www.gbc-energiesysteme.de\/index.php?rest_route=\/wp\/v2\/pages\/1107","targetHints":{"allow":["GET"]}}],"collection":[{"href":"https:\/\/www.gbc-energiesysteme.de\/index.php?rest_route=\/wp\/v2\/pages"}],"about":[{"href":"https:\/\/www.gbc-energiesysteme.de\/index.php?rest_route=\/wp\/v2\/types\/page"}],"author":[{"embeddable":true,"href":"https:\/\/www.gbc-energiesysteme.de\/index.php?rest_route=\/wp\/v2\/users\/5"}],"replies":[{"embeddable":true,"href":"https:\/\/www.gbc-energiesysteme.de\/index.php?rest_route=%2Fwp%2Fv2%2Fcomments&post=1107"}],"version-history":[{"count":9,"href":"https:\/\/www.gbc-energiesysteme.de\/index.php?rest_route=\/wp\/v2\/pages\/1107\/revisions"}],"predecessor-version":[{"id":1145,"href":"https:\/\/www.gbc-energiesysteme.de\/index.php?rest_route=\/wp\/v2\/pages\/1107\/revisions\/1145"}],"wp:attachment":[{"href":"https:\/\/www.gbc-energiesysteme.de\/index.php?rest_route=%2Fwp%2Fv2%2Fmedia&parent=1107"}],"curies":[{"name":"wp","href":"https:\/\/api.w.org\/{rel}","templated":true}]}}